{"id":12,"date":"2021-05-18T09:26:13","date_gmt":"2021-05-18T07:26:13","guid":{"rendered":"https:\/\/plateforme.label-commercant-responsable.com\/bureauvallee\/?page_id=12"},"modified":"2021-06-29T10:23:11","modified_gmt":"2021-06-29T08:23:11","slug":"comment-jutilise-cette-plateforme","status":"publish","type":"page","link":"https:\/\/plateforme.label-commercant-responsable.com\/bureauvallee\/comment-jutilise-cette-plateforme\/","title":{"rendered":"Aide"},"content":{"rendered":"<p><section class=\"kc-elm kc-css-395298 kc_row\"><div class=\"kc-row-container  kc-container\"><div class=\"kc-wrap-columns\"><div class=\"kc-elm kc-css-196119 kc_col-sm-12 kc_column kc_col-sm-12\"><div class=\"kc-col-container\"><div class=\"kc-elm kc-css-651874\" style=\"height: 20px; clear: both; width:100%;\"><\/div>\n<div class=\"kc-elm kc-css-424931 kc-title-wrap \">\n\n\t<h4 class=\"kc_title light bordure-bas-bleu\">J\u2019APPRENDS ET JE PROGRESSE<\/h4>\n<\/div>\n\n<div class=\"kc-elm kc-css-759756 kc-title-wrap \">\n\n\t<h1 class=\"kc_title\">COMMENT J\u2019UTILISE CETTE PLATEFORME<\/h1>\n<\/div>\n<div class=\"kc-elm kc-css-537137 kc_text_block\"><\/p>\n<p>\nLa Plateforme Commer\u00e7ant Responsable apporte le partage d\u2019informations et la formation n\u00e9cessaires \u00e0 une meilleure ma\u00eetrise des enjeux en amont de la d\u00e9marche d\u2019\u00e9valuation. En aval, elle apporte tout un parcours de progr\u00e8s anim\u00e9 et pilot\u00e9 par des plans d\u2019actions personnalis\u00e9s, des challenges et la valorisation des progr\u00e8s.<\/p>\n<p>Tous les commerces ont un acc\u00e8s libre vers le module p\u00e9dagogique.<br \/>\nPuis d\u00e8s leur inscription \u00e0 la d\u00e9marche et pour la dur\u00e9e de leur labellisation, ils b\u00e9n\u00e9ficient du module d\u2019\u00e9valuation et du module de progr\u00e8s sur un espace priv\u00e9.<\/p>\n<p>\n<\/div><\/div><\/div><\/div><\/div><\/section><section class=\"kc-elm kc-css-662330 kc_row\"><div class=\"kc-row-container  kc-container\"><div class=\"kc-wrap-columns\"><div class=\"kc-elm kc-css-169836 kc_col-sm-6 kc_column kc_col-sm-6\"><div class=\"kc-col-container\">\n<div class=\"kc-elm kc-css-710962 kc-title-wrap \">\n\n\t<h2 class=\"kc_title\">J\u2019APPRENDS - LE PARCOURS D\u2019INT\u00c9GRATION<\/h2>\n<\/div>\n<div class=\"kc-elm kc-css-511653 kc_text_block\"><\/p>\n<p>\nUne meilleure orientation pour int\u00e9grer la d\u00e9marche :<\/p>\n<ul>\n<li>Mieux comprendre la d\u00e9marche dans son ensemble.<\/li>\n<li>Mieux appr\u00e9hender le r\u00e9f\u00e9rentiel.<\/li>\n<li>D\u00e9couvrir un parcours anim\u00e9 des engagements du quotidien.<\/li>\n<\/ul>\n<p>\n<\/div>\n<div class=\"kc-elm kc-css-839396 kc-title-wrap \">\n\n\t<h2 class=\"kc_title\">J\u2019APPRENDS - LE PARCOURS D\u2019INITIATION<\/h2>\n<\/div>\n<div class=\"kc-elm kc-css-109398 kc_text_block\"><\/p>\n<ul>\n<li>Les grands principes du d\u00e9veloppement durable et de la lutte contre le d\u00e9r\u00e8glement climatique<\/li>\n<li>Les enjeux du commerce<\/li>\n<li>Les \u00e9co-gestes du quotidien<\/li>\n<\/ul>\n<p>\n<\/div><\/div><\/div><div class=\"kc-elm kc-css-397632 kc_col-sm-6 kc_column kc_col-sm-6\"><div class=\"kc-col-container\">\n<div class=\"kc-elm kc-css-405754 kc-title-wrap \">\n\n\t<h2 class=\"kc_title\">J'\u00c9VALUE - LE PARCOURS D'\u00c9VALUATION<\/h2>\n<\/div>\n<div class=\"kc-elm kc-css-864647 kc_text_block\"><\/p>\n<ul>\n<li>L&rsquo;inscription en ligne et la gestion de mon dossier d&rsquo;\u00e9valuation.<\/li>\n<li>La collecte des \u00e9l\u00e9ments de preuve, la gestion de l&rsquo;audit.<\/li>\n<li>Le rapport et l&rsquo;attestation de performance.<\/li>\n<\/ul>\n<p>\n<\/div>\n<div class=\"kc-elm kc-css-845459 kc-title-wrap \">\n\n\t<h2 class=\"kc_title\">JE PROGRESSE - LE PARCOURS DE PROGR\u00c8S<\/h2>\n<\/div>\n<div class=\"kc-elm kc-css-293245 kc_text_block\"><\/p>\n<p>\nLe pilotage de la d\u00e9marche et son parcours de progr\u00e8s.<\/p>\n<ul>\n<li>Encadrer les engagements du r\u00e9f\u00e9rentiel.<\/li>\n<li>Suivre les proc\u00e9dures et mettre en oeuvre les actions.<\/li>\n<li>Etablir sa grille de progr\u00e8s.<\/li>\n<li>Partager les bonnes pratiques.<\/li>\n<\/ul>\n<p>\n<\/div><\/div><\/div><\/div><\/div><\/section><section class=\"kc-elm kc-css-353197 kc_row fond-bleu-dark\"><div class=\"kc-row-container  kc-container\"><div class=\"kc-wrap-columns\"><div class=\"kc-elm kc-css-151884 kc_col-sm-12 kc_column kc_col-sm-12\"><div class=\"kc-col-container\"><div class=\"kc-elm kc-css-917037 kc_text_block\"><\/p>\n<p>\nCe document vous permet d\u2019aborder votre d\u00e9marche progressivement, au fil du temps, suivant vos besoins et \u00e0 votre rythme.Vous trouverez des \u00e9l\u00e9ments p\u00e9dagogiques et de contexte lorsque vous d\u00e9couvrirez l\u2019ic\u00f4ne <strong>J\u2019APPRENDS<\/strong>.<br \/>\nVous trouverez des exemples concrets et des parcours de progr\u00e8s lorsque vous d\u00e9couvrirez l\u2019ic\u00f4ne <strong>JE PROGRESSE<\/strong>.<br \/>\nSi vous souhaitez aller plus loin, trouver une information compl\u00e9mentaire, cliquez sur l&rsquo;ic\u00f4ne <strong>EN SAVOIR PLUS<\/strong>.<br \/>\nL&rsquo;ic\u00f4ne <strong>HELP<\/strong> vous adresse vers un glossaire, un lexique pour mieux comprendre la s\u00e9mantique du d\u00e9veloppement durable.<\/p>\n<p>\n<\/div><div class=\"kc-elm kc-css-549551 kc_shortcode kc_single_image\">\n\n        <img decoding=\"async\" src=\"https:\/\/plateforme.label-commercant-responsable.com\/bureauvallee\/wp-content\/uploads\/2021\/05\/icone-aide.png\" class=\"\" alt=\"\" \/>    <\/div>\n<\/div><\/div><\/div><\/div><\/section><\/p>\n","protected":false},"excerpt":{"rendered":"<p>J\u2019APPRENDS ET JE PROGRESSE COMMENT J\u2019UTILISE CETTE PLATEFORME La Plateforme Commer\u00e7ant Responsable apporte le partage d\u2019informations et la formation n\u00e9cessaires \u00e0 une meilleure ma\u00eetrise des enjeux en amont de la d\u00e9marche d\u2019\u00e9valuation. En aval, elle apporte tout un parcours de progr\u00e8s anim\u00e9 et pilot\u00e9 par des plans d\u2019actions personnalis\u00e9s, des challenges et la valorisation des &hellip; <\/p>\n","protected":false},"author":1,"featured_media":0,"parent":0,"menu_order":0,"comment_status":"closed","ping_status":"closed","template":"","meta":{"footnotes":""},"class_list":["post-12","page","type-page","status-publish","hentry"],"acf":[],"_links":{"self":[{"href":"https:\/\/plateforme.label-commercant-responsable.com\/bureauvallee\/wp-json\/wp\/v2\/pages\/12","targetHints":{"allow":["GET"]}}],"collection":[{"href":"https:\/\/plateforme.label-commercant-responsable.com\/bureauvallee\/wp-json\/wp\/v2\/pages"}],"about":[{"href":"https:\/\/plateforme.label-commercant-responsable.com\/bureauvallee\/wp-json\/wp\/v2\/types\/page"}],"author":[{"embeddable":true,"href":"https:\/\/plateforme.label-commercant-responsable.com\/bureauvallee\/wp-json\/wp\/v2\/users\/1"}],"replies":[{"embeddable":true,"href":"https:\/\/plateforme.label-commercant-responsable.com\/bureauvallee\/wp-json\/wp\/v2\/comments?post=12"}],"version-history":[{"count":22,"href":"https:\/\/plateforme.label-commercant-responsable.com\/bureauvallee\/wp-json\/wp\/v2\/pages\/12\/revisions"}],"predecessor-version":[{"id":607,"href":"https:\/\/plateforme.label-commercant-responsable.com\/bureauvallee\/wp-json\/wp\/v2\/pages\/12\/revisions\/607"}],"wp:attachment":[{"href":"https:\/\/plateforme.label-commercant-responsable.com\/bureauvallee\/wp-json\/wp\/v2\/media?parent=12"}],"curies":[{"name":"wp","href":"https:\/\/api.w.org\/{rel}","templated":true}]}}