{"id":18,"date":"2021-05-18T10:54:01","date_gmt":"2021-05-18T08:54:01","guid":{"rendered":"https:\/\/plateforme.label-commercant-responsable.com\/bureauvallee\/?page_id=18"},"modified":"2021-05-19T09:02:25","modified_gmt":"2021-05-19T07:02:25","slug":"qui-sommes-nous","status":"publish","type":"page","link":"https:\/\/plateforme.label-commercant-responsable.com\/bureauvallee\/qui-sommes-nous\/","title":{"rendered":"Qui sommes-nous"},"content":{"rendered":"<p><section class=\"kc-elm kc-css-445068 kc_row\"><div class=\"kc-row-container  kc-container\"><div class=\"kc-wrap-columns\"><div class=\"kc-elm kc-css-737189 kc_col-sm-12 kc_column kc_col-sm-12\"><div class=\"kc-col-container\"><div class=\"kc-elm kc-css-947711\" style=\"height: 20px; clear: both; width:100%;\"><\/div>\n<div class=\"kc-elm kc-css-744750 kc-title-wrap \">\n\n\t<h4 class=\"kc_title light bordure-bas-bleu\">COLLECTIF G\u00c9N\u00c9RATION RESPONSABLE<\/h4>\n<\/div>\n\n<div class=\"kc-elm kc-css-917805 kc-title-wrap \">\n\n\t<h1 class=\"kc_title anis\">QUI SOMMES NOUS<\/h1>\n<\/div>\n<\/div><\/div><\/div><\/div><\/section><section class=\"kc-elm kc-css-765792 kc_row\"><div class=\"kc-row-container  kc-container\"><div class=\"kc-wrap-columns\"><div class=\"kc-elm kc-css-166288 kc_col-sm-6 kc_column kc_col-sm-6\"><div class=\"kc-col-container\"><div class=\"kc-elm kc-css-859897 kc_text_block bleu\"><\/p>\n<p>Fond\u00e9e en 2007 \u00e0 l\u2019initiative de Jocelyne Leporatti et des premiers Responsables de D\u00e9veloppement Durable des r\u00e9seaux, l\u2019Association G\u00e9n\u00e9ration Responsable\u00ae a pour objet de promouvoir, dans une perspective de d\u00e9veloppement durable, l\u2019am\u00e9lioration de la qualit\u00e9 environnementale et sociale des r\u00e9seaux de distribution et des commerces.<\/p>\n<p>Ce sont plus de 75 enseignes du commerce organis\u00e9 qui s\u2019inspirent, co-construisent et valorisent leurs initiatives au sein du Collectif chaque mois, rejointes par les Organisations Professionnelles sectorielles qui embarquent leurs propres adh\u00e9rents dans cette d\u00e9marche d\u2019am\u00e9lioration continue, comme le Conseil National des Professions de l&#039;Automobile en 2019.<\/p>\n<p><strong>Le Collectif G\u00e9n\u00e9ration Responsable\u00ae propose deux d\u00e9marches d\u00e9di\u00e9es respectivement \u00e0 l\u2019Enseigne et au Commer\u00e7ant pour int\u00e9grer la RSE au coeur de sa gouvernance et de sa strat\u00e9gie.<\/strong><\/p>\n<p><strong>En amont et en aval de l&#039;\u00e9valuation, l\u2019accompagnement du CGR intervient sur les volets p\u00e9dagogiques, de pilotage, d&#039;animation et de communication de la d\u00e9marche.<\/strong><\/p>\n<p>\n<\/div>\n<div class=\"kc-elm kc-css-110896 kc-title-wrap \">\n\n\t<h3 class=\"kc_title\">Le Label sectoriel Enseigne Responsable<\/h3>\n<\/div>\n<div class=\"kc-elm kc-css-179149 kc_text_block\"><\/p>\n<p>La d\u00e9marche de progr\u00e8s structur\u00e9e du Collectif G\u00e9n\u00e9ration Responsable\u00aeentreprise depuis 2008, a permis de cr\u00e9er trois ans plus tard le <strong>R\u00e9f\u00e9rentiel Enseigne Responsable<\/strong> \u00e9labor\u00e9 en partenariat avec le Groupe SGS.<\/p>\n<p>Le <strong>R\u00e9f\u00e9rentiel Enseigne Responsable<\/strong> align\u00e9 sur l&#039;<strong>ISO 26000<\/strong> et en convergence avec les <strong>Objectifs de D\u00e9veloppement Durable<\/strong>, est compos\u00e9 d\u2019une liste d&#039;une cinquantaine d&#039;engagements qui n&#039;exclut aucun champ de la responsabilit\u00e9.<\/p>\n<p>En 2015 lors de la COP21 \u00e0 Paris, une dizaine d\u2019enseignes ont marqu\u00e9 leur volont\u00e9 d\u2019engagement et se sont vu remettre par les Pouvoirs Publics les premiers Labels Enseigne Responsable. Chaque ann\u00e9e, de nouvelles enseignes s&#039;engagent pour rejoindre la dynamique.<\/p>\n<p>\n<\/div><\/div><\/div><div class=\"kc-elm kc-css-42610 kc_col-sm-6 kc_column kc_col-sm-6\"><div class=\"kc-col-container\">\n<div class=\"kc-elm kc-css-850834 kc-title-wrap \">\n\n\t<h3 class=\"kc_title\">Le Label sectoriel Commer\u00e7ant Responsable<\/h3>\n<\/div>\n<div class=\"kc-elm kc-css-96657 kc_text_block\"><\/p>\n<p>Le Label Commer\u00e7ant Responsable est un dispositif de reconnaissance et de valorisation des engagements en mati\u00e8re d\u2019environnement, de relations collaborateurs, de relations clients, et d\u2019int\u00e9gration du commer\u00e7ant \u00e0 son territoire.<\/p>\n<p>En 2020, les enseignes inscrites pr\u00e9alablement dans la labellisation Enseigne Responsable, marquent leur volont\u00e9 d&#039;engager plus d&#039;un millier de commerces dans la d\u00e9marche Commer\u00e7ant Responsable<\/p>\n<p>\n<\/div>\n<div class=\"kc-elm kc-css-701750 kc-title-wrap \">\n\n\t<h3 class=\"kc_title\">Le soutien des Pouvoirs Publics<\/h3>\n<\/div>\n<div class=\"kc-elm kc-css-168380 kc_text_block\"><\/p>\n<p>Cette d\u00e9marche est appuy\u00e9e, d\u00e8s l\u2019origine, par les Organisations Professionnelles du Commerce : la F\u00e9d\u00e9ration Fran\u00e7aise de la Franchise, la F\u00e9d\u00e9ration du Commerce Coop\u00e9ratif et Associ\u00e9, la F\u00e9d\u00e9ration pour la Promotion du Commerce Sp\u00e9cialis\u00e9.<\/p>\n<p>D\u00e8s mars 2013, le Minist\u00e8re de la Transition \u00e9cologique formule son encouragement et son soutien aux actions de l\u2019association en faveur du d\u00e9veloppement durable dans le secteur du Commerce Organis\u00e9.<\/p>\n<p>\n<\/div>\n<div class=\"kc-elm kc-css-475116 kc-title-wrap \">\n\n\t<h3 class=\"kc_title\">Et en 2018, la Plateforme RSE s\u00e9lectionne parmi 18 F\u00e9d\u00e9rationsProfessionnelles, le Collectif G\u00e9n\u00e9ration Responsable pour participer \u00e0 l\u2019exp\u00e9rimentation \u00ab Labels sectoriels RSE adapt\u00e9s aux TPE, PME, et ETI \u00bb<\/h3>\n<\/div>\n<div class=\"kc-elm kc-css-559795 kc_text_block\"><\/p>\n<p>La Plateforme RSE de France Strat\u00e9gie (Institut rattach\u00e9 au Cabinet duPremier Ministre) d\u00e9finit le label RSE comme \u00ab une attestation de garantied\u00e9livr\u00e9e par une tierce partie qui caract\u00e9rise la d\u00e9marche RSE. Il vise \u00e0assurer qu\u2019une entreprise a engag\u00e9 sa responsabilit\u00e9 vis-\u00e0-vis des impacts de ses d\u00e9cisions et activit\u00e9s sur la soci\u00e9t\u00e9 et sur l\u2019environnement \u00bb. LaPlateforme pr\u00e9conise 10 principes robustes et cr\u00e9dibles comme conditionssine qua non pour que les labels sectoriels soient reconnus et valoris\u00e9s.T\u00e9l\u00e9charger l\u2019AVIS et les propositions \u00ab Labels RSE sectoriels tierce partiedestin\u00e9s aux TPE, PME et ETI \u00bb<\/p>\n<p>\n<\/div>\n<div class=\"kc-elm kc-css-410670\">\n\t<a class=\"kc_button\" href=\"https:\/\/www.strategie.gouv.fr\/\" target=\"_blank\" title=\"\" onclick=\"\">\n\t\t<i class=\"fa-external-link-alt\"><\/i> www.strategie.gouv.fr\t<\/a>\n<\/div>\n<\/div><\/div><\/div><\/div><\/section><\/p>\n","protected":false},"excerpt":{"rendered":"<p>COLLECTIF G\u00c9N\u00c9RATION RESPONSABLE QUI SOMMES NOUS Fond\u00e9e en 2007 \u00e0 l\u2019initiative de Jocelyne Leporatti et des premiers Responsables de D\u00e9veloppement Durable des r\u00e9seaux, l\u2019Association G\u00e9n\u00e9ration Responsable\u00ae a pour objet de promouvoir, dans une perspective de d\u00e9veloppement durable, l\u2019am\u00e9lioration de la qualit\u00e9 environnementale et sociale des r\u00e9seaux de distribution et des commerces. Ce sont plus de &hellip; <\/p>\n","protected":false},"author":1,"featured_media":0,"parent":0,"menu_order":0,"comment_status":"closed","ping_status":"closed","template":"","meta":{"footnotes":""},"class_list":["post-18","page","type-page","status-publish","hentry"],"acf":[],"_links":{"self":[{"href":"https:\/\/plateforme.label-commercant-responsable.com\/bureauvallee\/wp-json\/wp\/v2\/pages\/18","targetHints":{"allow":["GET"]}}],"collection":[{"href":"https:\/\/plateforme.label-commercant-responsable.com\/bureauvallee\/wp-json\/wp\/v2\/pages"}],"about":[{"href":"https:\/\/plateforme.label-commercant-responsable.com\/bureauvallee\/wp-json\/wp\/v2\/types\/page"}],"author":[{"embeddable":true,"href":"https:\/\/plateforme.label-commercant-responsable.com\/bureauvallee\/wp-json\/wp\/v2\/users\/1"}],"replies":[{"embeddable":true,"href":"https:\/\/plateforme.label-commercant-responsable.com\/bureauvallee\/wp-json\/wp\/v2\/comments?post=18"}],"version-history":[{"count":4,"href":"https:\/\/plateforme.label-commercant-responsable.com\/bureauvallee\/wp-json\/wp\/v2\/pages\/18\/revisions"}],"predecessor-version":[{"id":1126,"href":"https:\/\/plateforme.label-commercant-responsable.com\/bureauvallee\/wp-json\/wp\/v2\/pages\/18\/revisions\/1126"}],"wp:attachment":[{"href":"https:\/\/plateforme.label-commercant-responsable.com\/bureauvallee\/wp-json\/wp\/v2\/media?parent=18"}],"curies":[{"name":"wp","href":"https:\/\/api.w.org\/{rel}","templated":true}]}}