{"id":20,"date":"2021-05-18T10:54:17","date_gmt":"2021-05-18T08:54:17","guid":{"rendered":"https:\/\/plateforme.label-commercant-responsable.com\/bureauvallee\/?page_id=20"},"modified":"2021-06-29T09:35:28","modified_gmt":"2021-06-29T07:35:28","slug":"pratiques-inspirantes-liste","status":"publish","type":"page","link":"https:\/\/plateforme.label-commercant-responsable.com\/bureauvallee\/pratiques-inspirantes-liste\/","title":{"rendered":"Pratiques inspirantes"},"content":{"rendered":"<p><section class=\"kc-elm kc-css-50703 kc_row\"><div class=\"kc-row-container  kc-container\"><div class=\"kc-wrap-columns\"><div class=\"kc-elm kc-css-956799 kc_col-sm-12 kc_column kc_col-sm-12\"><div class=\"kc-col-container\"><div class=\"kc-elm kc-css-864896 kc_shortcode kc_single_image\">\n\n        <img decoding=\"async\" src=\"https:\/\/plateforme.label-commercant-responsable.com\/bureauvallee\/wp-content\/uploads\/2021\/06\/pratiques-inspirantes-50x50xc.png\" class=\"\" alt=\"\" \/>    <\/div>\n\n<div class=\"kc-elm kc-css-957266 kc-title-wrap \">\n\n\t<h1 class=\"kc_title bordure-bas-bleu bleu mb-0 pb-0\">Pratiques inspirantes<\/h1>\n<\/div>\n<\/div><\/div><\/div><\/div><\/section><section class=\"kc-elm kc-css-959954 kc_row\"><div class=\"kc-row-container  kc-container\"><div class=\"kc-wrap-columns\"><div class=\"kc-elm kc-css-236014 kc_col-sm-12 kc_column kc_col-sm-12\"><div class=\"kc-col-container\"><div class=\"kc-elm kc-css-216658 kc_text_block\"><\/p>\n<form data-sf-form-id='570' data-is-rtl='0' data-maintain-state='' data-results-url='https:\/\/plateforme.label-commercant-responsable.com\/bureauvallee\/pratiques-inspirantes-liste' data-ajax-url='https:\/\/plateforme.label-commercant-responsable.com\/bureauvallee\/?sfid=570&amp;sf_action=get_data&amp;sf_data=all' data-ajax-form-url='https:\/\/plateforme.label-commercant-responsable.com\/bureauvallee\/?sfid=570&amp;sf_action=get_data&amp;sf_data=form' data-display-result-method='shortcode' data-use-history-api='1' data-template-loaded='0' data-lang-code='' data-ajax='1' data-ajax-data-type='json' data-ajax-target='#search-filter-results-570' data-ajax-pagination-type='infinite_scroll' data-show-scroll-loader='1' data-infinite-scroll-container='div#list-result' data-infinite-scroll-trigger='-100' data-infinite-scroll-result-class='div.post' data-ajax-links-selector='.pagination a' data-update-ajax-url='1' data-only-results-ajax='1' data-scroll-to-pos='0' data-init-paged='1' data-auto-update='1' data-auto-count='1' data-auto-count-refresh-mode='1' action='https:\/\/plateforme.label-commercant-responsable.com\/bureauvallee\/pratiques-inspirantes-liste' method='post' class='searchandfilter' id='search-filter-form-570' autocomplete='off' data-instance-count='1'>\n<ul>\n<li class=\"sf-field-taxonomy-thematiques\" data-sf-field-name=\"_sft_thematiques\" data-sf-field-type=\"taxonomy\" data-sf-field-input-type=\"select\">\n<h4>S\u00e9lectionner une th\u00e9matique<\/h4>\n<p>\t\t<label><br \/>\n\t\t\t\t<select name=\"_sft_thematiques[]\" class=\"sf-input-select\" title=\"\"><option class=\"sf-level-0 sf-item-0 sf-option-active\" selected=\"selected\" data-sf-count=\"0\" data-sf-depth=\"0\" value=\"\">Toutes les th\u00e9matiques<\/option><option class=\"sf-level-0 sf-item-5\" data-sf-count=\"1\" data-sf-depth=\"0\" value=\"achats\">ACHATS<\/option><option class=\"sf-level-0 sf-item-6\" data-sf-count=\"2\" data-sf-depth=\"0\" value=\"biodiversite\">BIODIVERSIT\u00c9<\/option><option class=\"sf-level-0 sf-item-7\" data-sf-count=\"2\" data-sf-depth=\"0\" value=\"eco-conception\">\u00c9CO-CONCEPTION<\/option><option class=\"sf-level-0 sf-item-8\" data-sf-count=\"1\" data-sf-depth=\"0\" value=\"gerer-et-trier-ses-dechets\">G\u00c9RER ET TRIER SES D\u00c9CHETS<\/option><option class=\"sf-level-0 sf-item-9\" data-sf-count=\"0\" data-sf-depth=\"0\" value=\"mobilite\">MOBILIT\u00c9<\/option><option class=\"sf-level-0 sf-item-10\" data-sf-count=\"1\" data-sf-depth=\"0\" value=\"optimiser-son-energie\">OPTIMISER SON \u00c9NERGIE<\/option><option class=\"sf-level-0 sf-item-13\" data-sf-count=\"2\" data-sf-depth=\"0\" value=\"relations-au-territoire\">RELATIONS AU TERRITOIRE<\/option><option class=\"sf-level-0 sf-item-11\" data-sf-count=\"2\" data-sf-depth=\"0\" value=\"relations-clients\">RELATIONS CLIENTS<\/option><option class=\"sf-level-0 sf-item-12\" data-sf-count=\"1\" data-sf-depth=\"0\" value=\"relations-de-travail\">RELATIONS DE TRAVAIL<\/option><\/select><br \/>\n\t\t<\/label>\t\t<\/li>\n<\/ul>\n<\/form>\n<p>\n<\/div><\/div><\/div><\/div><\/div><\/section><\/p>\n","protected":false},"excerpt":{"rendered":"<p>Pratiques inspirantes S\u00e9lectionner une th\u00e9matique Toutes les th\u00e9matiquesACHATSBIODIVERSIT\u00c9\u00c9CO-CONCEPTIONG\u00c9RER ET TRIER SES D\u00c9CHETSMOBILIT\u00c9OPTIMISER SON \u00c9NERGIERELATIONS AU TERRITOIRERELATIONS CLIENTSRELATIONS DE TRAVAIL<\/p>\n","protected":false},"author":1,"featured_media":0,"parent":0,"menu_order":0,"comment_status":"closed","ping_status":"closed","template":"page-pratiques.php","meta":{"footnotes":""},"class_list":["post-20","page","type-page","status-publish","hentry"],"acf":[],"_links":{"self":[{"href":"https:\/\/plateforme.label-commercant-responsable.com\/bureauvallee\/wp-json\/wp\/v2\/pages\/20","targetHints":{"allow":["GET"]}}],"collection":[{"href":"https:\/\/plateforme.label-commercant-responsable.com\/bureauvallee\/wp-json\/wp\/v2\/pages"}],"about":[{"href":"https:\/\/plateforme.label-commercant-responsable.com\/bureauvallee\/wp-json\/wp\/v2\/types\/page"}],"author":[{"embeddable":true,"href":"https:\/\/plateforme.label-commercant-responsable.com\/bureauvallee\/wp-json\/wp\/v2\/users\/1"}],"replies":[{"embeddable":true,"href":"https:\/\/plateforme.label-commercant-responsable.com\/bureauvallee\/wp-json\/wp\/v2\/comments?post=20"}],"version-history":[{"count":6,"href":"https:\/\/plateforme.label-commercant-responsable.com\/bureauvallee\/wp-json\/wp\/v2\/pages\/20\/revisions"}],"predecessor-version":[{"id":579,"href":"https:\/\/plateforme.label-commercant-responsable.com\/bureauvallee\/wp-json\/wp\/v2\/pages\/20\/revisions\/579"}],"wp:attachment":[{"href":"https:\/\/plateforme.label-commercant-responsable.com\/bureauvallee\/wp-json\/wp\/v2\/media?parent=20"}],"curies":[{"name":"wp","href":"https:\/\/api.w.org\/{rel}","templated":true}]}}