{"id":29,"date":"2021-05-18T10:55:38","date_gmt":"2021-05-18T08:55:38","guid":{"rendered":"https:\/\/plateforme.label-commercant-responsable.com\/bureauvallee\/?page_id=29"},"modified":"2021-10-21T09:31:51","modified_gmt":"2021-10-21T07:31:51","slug":"la-methode","status":"publish","type":"page","link":"https:\/\/plateforme.label-commercant-responsable.com\/bureauvallee\/japprends-parcours-dintegration\/la-methode\/","title":{"rendered":"La m\u00e9thode"},"content":{"rendered":"<p><section class=\"kc-elm kc-css-335157 kc_row\"><div class=\"kc-row-container  kc-container\"><div class=\"kc-wrap-columns\"><div class=\"kc-elm kc-css-962722 kc_col-sm-12 kc_column kc_col-sm-12\"><div class=\"kc-col-container\"><div class=\"kc-elm kc-css-797760 kc_shortcode kc_single_image\">\n\n        <img decoding=\"async\" src=\"https:\/\/plateforme.label-commercant-responsable.com\/bureauvallee\/wp-content\/uploads\/2021\/08\/La-methode-150x150.png\" class=\"\" alt=\"\" \/>    <\/div>\n\n<div class=\"kc-elm kc-css-603539 kc-title-wrap \">\n\n\t<h4 class=\"kc_title light bordure-bas-rouge rouge\">L'AUDIT<\/h4>\n<\/div>\n<\/div><\/div><\/div><\/div><\/section><section class=\"kc-elm kc-css-808890 kc_row\"><div class=\"kc-row-container  kc-container\"><div class=\"kc-wrap-columns\"><div class=\"kc-elm kc-css-238949 kc_col-sm-6 kc_column kc_col-sm-6\"><div class=\"kc-col-container\"><div class=\"kc-elm kc-css-291250\" style=\"height: 20px; clear: both; width:100%;\"><\/div>\n<div class=\"kc-elm kc-css-669742 kc-title-wrap \">\n\n\t<h1 class=\"kc_title\">LE D\u00c9ROULEMENT DES AUDITS<\/h1>\n<\/div>\n\n<div class=\"kc-elm kc-css-4954 kc-title-wrap \">\n\n\t<h2 class=\"kc_title\">LA METHODE D'\u00c9VALUATION<\/h2>\n<\/div>\n<div class=\"kc-elm kc-css-671469 kc_text_block\"><\/p>\n<ul>\n<li>Un r\u00e9f\u00e9rentiel d\u2019\u00e9valuation sur 4 niveaux : de la prise de conscience \u00e0 l\u2019excellence. Les chemins de progr\u00e8s par \u00e9tape.<\/li>\n<li>Une \u00e9valuation r\u00e9alis\u00e9e (par un Organisme Tiers Ind\u00e9pendant) attestant de la d\u00e9marche compl\u00e9t\u00e9e parun rapport d\u00e9taill\u00e9 sur les points forts et points perfectibles de l\u2019enseigne.<\/li>\n<li>Un label attribu\u00e9 par un Comit\u00e9 Ethique d\u2019Agr\u00e9ment de labellisation compos\u00e9 d\u2019experts ind\u00e9pendantset des parties prenantes du Commerce.<\/li>\n<\/ul>\n<p><strong> Chaque commer\u00e7ant progresse graduellement et s\u00e9lectionne ses priorit\u00e9s d\u2019actions afin de challenger ses \u00e9quipes sur l\u2019ann\u00e9e \u00e0 venir. <\/strong><\/p>\n<p>\n<\/div><div class=\"kc-elm kc-css-549935 kc_shortcode kc_single_image\">\n\n        <img decoding=\"async\" src=\"https:\/\/plateforme.label-commercant-responsable.com\/bureauvallee\/wp-content\/uploads\/2021\/05\/texte-question2.png\" class=\"\" alt=\"\" \/>    <\/div>\n<div class=\"kc-elm kc-css-835993 kc_shortcode kc_single_image\">\n\n        <img decoding=\"async\" src=\"https:\/\/plateforme.label-commercant-responsable.com\/bureauvallee\/wp-content\/uploads\/2021\/05\/texte-question3.png\" class=\"\" alt=\"\" \/>    <\/div>\n<\/div><\/div><div class=\"kc-elm kc-css-526203 kc_col-sm-6 kc_column kc_col-sm-6\"><div class=\"kc-col-container\"><div class=\"kc-elm kc-css-458030\" style=\"height: 20px; clear: both; width:100%;\"><\/div>\n<div class=\"kc-elm kc-css-222238 kc-title-wrap \">\n\n\t<h2 class=\"kc_title rouge\">UN DISPOSITIF GOBAL<\/h2>\n<\/div>\n<div class=\"kc-elm kc-css-741567 kc_text_block\"><\/p>\n<p>\nNotre grille tarifaire comporte :<\/p>\n<ul>\n<li>La redevance du Label pour 3 ans<\/li>\n<li>Les frais d\u2019inscription, administratifs et logistique<\/li>\n<li>Les frais d&rsquo;abonnement \u00e0 la Plateforme CR et ses diff\u00e9rentes services<\/li>\n<li>Les mises \u00e0 jour des contenus p\u00e9dagogiques et des actions du parcours de progr\u00e8s,<\/li>\n<li>La gestion de l&rsquo;\u00e9valuation et le pilotage de la d\u00e9marche<\/li>\n<li>Les frais d\u2019audit de la 1\u00e8re ann\u00e9e, l\u2019\u00e9laboration de la notation et du rapport.<\/li>\n<li>Les frais d\u2019audit de r\u00e9vision \u00e0 18 mois, l\u2019\u00e9laboration de la notation et du rapport.<\/li>\n<li>Les frais de communication durant les 3 ans.<\/li>\n<\/ul>\n<p><strong><br \/>\nLes frais de d\u00e9placement et d\u2019h\u00e9bergementli\u00e9s aux audits sur site ne sont pas inclus etseront refactur\u00e9s aux r\u00e9els, sur justificatifs.<br \/>\n<\/strong><\/p>\n<p>\n<\/div><div class=\"kc-elm kc-css-187857 kc_shortcode kc_single_image\">\n\n        <img decoding=\"async\" src=\"https:\/\/plateforme.label-commercant-responsable.com\/bureauvallee\/wp-content\/uploads\/2021\/05\/methode-audit.png\" class=\"\" alt=\"\" \/>    <\/div>\n<div class=\"kc-elm kc-css-560468 kc_shortcode kc_single_image\">\n\n        <img decoding=\"async\" src=\"https:\/\/plateforme.label-commercant-responsable.com\/bureauvallee\/wp-content\/uploads\/2021\/05\/texte-question.png\" class=\"\" alt=\"\" \/>    <\/div>\n<\/div><\/div><\/div><\/div><\/section><section class=\"kc-elm kc-css-805439 kc_row\"><div class=\"kc-row-container  kc-container\"><div class=\"kc-wrap-columns\"><div class=\"kc-elm kc-css-107530 kc_col-sm-12 kc_column kc_col-sm-12\"><div class=\"kc-col-container\"><div class=\"kc-elm kc-css-584822\" style=\"height: 40px; clear: both; width:100%;\"><\/div>\n<div class=\"kc-elm kc-css-515654 kc-title-wrap \">\n\n\t<h4 class=\"kc_title light bordure-bas-rouge rouge\">L'AUDIT<\/h4>\n<\/div>\n<\/div><\/div><\/div><\/div><\/section><section class=\"kc-elm kc-css-819632 kc_row\"><div class=\"kc-row-container  kc-container\"><div class=\"kc-wrap-columns\"><div class=\"kc-elm kc-css-3982 kc_col-sm-12 kc_column kc_col-sm-12\"><div class=\"kc-col-container\">\n<div class=\"kc-elm kc-css-916489 kc-title-wrap \">\n\n\t<h1 class=\"kc_title\">LA TYPOLOGIE DES AUDIT<\/h1>\n<\/div>\n<\/div><\/div><\/div><\/div><\/section><section class=\"kc-elm kc-css-73836 kc_row\"><div class=\"kc-row-container  kc-container\"><div class=\"kc-wrap-columns\"><div class=\"kc-elm kc-css-278873 kc_col-sm-6 kc_column kc_col-sm-6\"><div class=\"kc-col-container\">\n<div class=\"kc-elm kc-css-210424 kc-title-wrap \">\n\n\t<h2 class=\"kc_title\">LA METHODE D'\u00c9VALUATION<\/h2>\n<\/div>\n<div class=\"kc-elm kc-css-748688 kc_text_block\"><\/p>\n<p>\nEn fonction de la taille du point de vente, de sa typologie,de sa situation g\u00e9ographique, de son organisation structurelle (affili\u00e9s, franchis\u00e9s, agents, ind\u00e9pendants),&#8230; l\u2019auditeur propose soit un audit sur site, soit un audit \u00e0 distance.<br \/>\n<strong>En fonction de la taille, il est pr\u00e9conis\u00e9 :<\/strong><\/p>\n<ul>\n<li>Un audit t\u00e9l\u00e9phonique \u00e0 distance d&rsquo;une \u00bd journ\u00e9e pour un commerce de petite taille (1 \u00e0 4 collaborateurs)<\/li>\n<li>Un audit sur site d&rsquo;une \u00bd Journ\u00e9e pour un commerce de taille moyenne (4 \u00e0 10 collaborateurs)<\/li>\n<li>Un audit sur site d&rsquo;une Journ\u00e9e pour un commerce de taille plus importante (plus de 10 collaborateurs).<\/li>\n<\/ul>\n<p><strong>En fonction de l\u2019organisation structurelle, pour les ind\u00e9pendants, affili\u00e9s, franchis\u00e9s, il est pr\u00e9conis\u00e9 <\/strong><\/p>\n<ul>\n<li>Un audit pour chaque commerce ind\u00e9pendantsuivant les principes \u00e9tablis de la taille du commerce.<\/li>\n<li>Un audit pour chaque commerce affili\u00e9\/franchis\u00e9suivant les principes \u00e9tablis de la taille du commerce.<\/li>\n<\/ul>\n<p><strong>En fonction de l\u2019organisation structurelle, pour les succursales d\u2019un r\u00e9seau ou un regroupement de commerce, il est pr\u00e9conis\u00e9 :<\/strong><br \/>\nUn audit sur un \u00e9chantillonnage de points de vente s\u00e9lectionn\u00e9s pas l&rsquo;auditeur, compte tenu que la t\u00eate de r\u00e9seau a la main sur la plupart des enjeux et des engagements.<\/p>\n<p>\n<\/div><div class=\"kc-elm kc-css-911414 kc_text_block\"><\/p>\n<p>\n<strong><span dir=\"ltr\">C\u2019est pourquoi la \u00ab\u00a0t\u00eate de r\u00e9seau\u00a0\u00bb d\u2019une enseigne<\/span><span dir=\"ltr\">doit s\u2019engager au pr\u00e9alable dans la d\u00e9marche <\/span><span dir=\"ltr\">de labellisation \u00ab\u00a0Enseigne Responsable\u00a0\u00bb Celle-<\/span><span dir=\"ltr\">ci ouvre droit \u00e0 ses points de vente de s\u2019engager <\/span><span dir=\"ltr\">sur la labellisation Commer\u00e7ant Responsable.<\/span><\/strong><\/p>\n<p>\n<\/div><\/div><\/div><div class=\"kc-elm kc-css-827978 kc_col-sm-6 kc_column kc_col-sm-6\"><div class=\"kc-col-container\">\n<div class=\"kc-elm kc-css-223547 kc-title-wrap \">\n\n\t<h2 class=\"kc_title rouge\">Un audit t\u00e9l\u00e9phonique\u00e0 distance...<\/h2>\n<\/div>\n<div class=\"kc-elm kc-css-484462 kc_shortcode kc_single_image\">\n\n        <img decoding=\"async\" src=\"https:\/\/plateforme.label-commercant-responsable.com\/bureauvallee\/wp-content\/uploads\/2021\/05\/telephone-comment-allez-vous.png\" class=\"\" alt=\"\" \/>    <\/div>\n<div class=\"kc-elm kc-css-150796 kc_shortcode kc_single_image\">\n\n        <img decoding=\"async\" src=\"https:\/\/plateforme.label-commercant-responsable.com\/bureauvallee\/wp-content\/uploads\/2021\/05\/comment-allez-vous.png\" class=\"\" alt=\"\" \/>    <\/div>\n<\/div><\/div><\/div><\/div><\/section><section class=\"kc-elm kc-css-2800 kc_row\"><div class=\"kc-row-container  kc-container\"><div class=\"kc-wrap-columns\"><div class=\"kc-elm kc-css-231024 kc_col-sm-12 kc_column kc_col-sm-12\"><div class=\"kc-col-container\"><div class=\"kc-elm kc-css-544400\" style=\"height: 40px; clear: both; width:100%;\"><\/div>\n<div class=\"kc-elm kc-css-381875 kc-title-wrap \">\n\n\t<h4 class=\"kc_title light bordure-bas-rouge rouge\">L'EVALUATION<\/h4>\n<\/div>\n<\/div><\/div><\/div><\/div><\/section><section class=\"kc-elm kc-css-750765 kc_row\"><div class=\"kc-row-container  kc-container\"><div class=\"kc-wrap-columns\"><div class=\"kc-elm kc-css-542775 kc_col-sm-12 kc_column kc_col-sm-12\"><div class=\"kc-col-container\">\n<div class=\"kc-elm kc-css-438338 kc-title-wrap \">\n\n\t<h1 class=\"kc_title\">LA NOTE ET LE RAPPORT D'\u00c9VALUATION<\/h1>\n<\/div>\n<\/div><\/div><\/div><\/div><\/section><section class=\"kc-elm kc-css-15113 kc_row\"><div class=\"kc-row-container  kc-container\"><div class=\"kc-wrap-columns\"><div class=\"kc-elm kc-css-883432 kc_col-sm-6 kc_column kc_col-sm-6\"><div class=\"kc-col-container\">\n<div class=\"kc-elm kc-css-918681 kc-title-wrap \">\n\n\t<h2 class=\"kc_title\">LA METHODE D'\u00c9VALUATION<\/h2>\n<\/div>\n<div class=\"kc-elm kc-css-963898 kc_text_block\"><\/p>\n<p>\nUne note est attribu\u00e9e au commer\u00e7ant par pilier. Pour obtenir la labellisation, le commer\u00e7ant doitatteindre <strong>\u00e0 minima la note 2,5 sur 4.<\/strong><\/p>\n<p>Si la note de 2,5 sur 4 n&rsquo;est pas obtenue, le point de vente dispose d&rsquo;un mois suppl\u00e9mentaire pour fournir de nouveaux \u00e9l\u00e9ments, permettant la r\u00e9\u00e9valuation des points jug\u00e9s r\u00e9dhibitoires lors de l&rsquo;audit. \u00c0 la suite de cette r\u00e9\u00e9valuation, si la note de 2,5 sur 4 n&rsquo;est toujours pas atteinte, le commer\u00e7ant pourra r\u00e9essayer de d\u00e9crocher le label Commer\u00e7ant Responsable au bout d&rsquo;un an.<\/p>\n<p>A l\u2019issue des audits, un rapport d\u2019\u00e9valuation est r\u00e9dig\u00e9 et transmis par l\u2019auditeur. La note et ce rapport sont confidentiels. Seul le PDV d\u00e9cide de communiquer.<\/p>\n<p>Toutes ces d\u00e9marches sont valid\u00e9es par le <strong>Comit\u00e9 Ethique d\u2019Agr\u00e9ment et de pilotage<\/strong> qui se r\u00e9unit chaque ann\u00e9e pour d\u00e9battre des r\u00e9sultats et \u00e9mettre des conseils ou recommandations aux r\u00e9seaux, et\/ou aux points de vente ind\u00e9pendants dans le cadre de l\u2019organisation du dispositif.<\/p>\n<p>Le Comit\u00e9 Ethique d\u2019Agr\u00e9ment est constitu\u00e9 d\u2019experts ind\u00e9pendants ainsi que des parties prenantes du Commerce : de repr\u00e9sentants des enseignes engag\u00e9es,des Pouvoirs Publics, des F\u00e9d\u00e9rations du Commerce, des partenaires officiels du Collectif, des repr\u00e9sentants des territoires, d\u2019ONG, et d\u2019un repr\u00e9sentant du Collectif Clients du CGR.<\/p>\n<p>\n<\/div><div class=\"kc-elm kc-css-219068 kc_shortcode kc_single_image\">\n\n        <img decoding=\"async\" src=\"https:\/\/plateforme.label-commercant-responsable.com\/bureauvallee\/wp-content\/uploads\/2021\/05\/254.png\" class=\"\" alt=\"\" \/>    <\/div>\n<\/div><\/div><div class=\"kc-elm kc-css-523112 kc_col-sm-6 kc_column kc_col-sm-6\"><div class=\"kc-col-container\"><div class=\"kc-elm kc-css-79227 kc_shortcode kc_single_image\">\n\n        <img decoding=\"async\" src=\"https:\/\/plateforme.label-commercant-responsable.com\/bureauvallee\/wp-content\/uploads\/2021\/05\/liste.png\" class=\"\" alt=\"\" \/>    <\/div>\n<\/div><\/div><\/div><\/div><\/section><section class=\"kc-elm kc-css-830745 kc_row\"><div class=\"kc-row-container  kc-container\"><div class=\"kc-wrap-columns\"><div class=\"kc-elm kc-css-892482 kc_col-sm-12 kc_column kc_col-sm-12\"><div class=\"kc-col-container\"><div class=\"kc-elm kc-css-489300\" style=\"height: 40px; clear: both; width:100%;\"><\/div>\n<div class=\"kc-elm kc-css-734476 kc-title-wrap \">\n\n\t<h4 class=\"kc_title light bordure-bas-vert vert\">LE LABEL<\/h4>\n<\/div>\n<\/div><\/div><\/div><\/div><\/section><section class=\"kc-elm kc-css-849785 kc_row\"><div class=\"kc-row-container  kc-container\"><div class=\"kc-wrap-columns\"><div class=\"kc-elm kc-css-31791 kc_col-sm-12 kc_column kc_col-sm-12\"><div class=\"kc-col-container\">\n<div class=\"kc-elm kc-css-921134 kc-title-wrap \">\n\n\t<h1 class=\"kc_title\">L'ATTRIBUTION ET LA DUR\u00c9E DU LABEL<\/h1>\n<\/div>\n<\/div><\/div><\/div><\/div><\/section><section class=\"kc-elm kc-css-216761 kc_row\"><div class=\"kc-row-container  kc-container\"><div class=\"kc-wrap-columns\"><div class=\"kc-elm kc-css-317548 kc_col-sm-6 kc_column kc_col-sm-6\"><div class=\"kc-col-container\"><div class=\"kc-elm kc-css-946816 kc_text_block\"><\/p>\n<p>\n<strong>Le Label Commer\u00e7ant Responsable est nominatif et propre \u00e0 chaque magasin\/centre.<\/strong> Un commerce en r\u00e9seau, affili\u00e9, franchis\u00e9 ou en succursale ne peut obtenir une labellisation officielle qu\u2019\u00e0 condition que la t\u00eate de r\u00e9seau soit \u00e9valu\u00e9e dans le cadre de la d\u00e9marche Enseigne Responsable.<\/p>\n<p><strong>Le Label est valable 3 ans<\/strong> \u00e0 compter de la date de signature du rapport d\u2019\u00e9valuation.<\/p>\n<p>Les PDV labellis\u00e9s se verront remettre <strong>une attestation de performance et le rapport d\u2019\u00e9valuation<\/strong>, valable pour trois ans, explicitant le processus et la finalit\u00e9 de l\u2019\u00e9valuation r\u00e9alis\u00e9e par un organisme tiers ind\u00e9pendant, sous r\u00e9serve de la r\u00e9vision \u00e0 18 mois.<\/p>\n<p>L\u2019attestation pourra de plein droit et sans limitation \u00eatre communiqu\u00e9e par le commer\u00e7ant pendant toute sa dur\u00e9e de validit\u00e9.<\/p>\n<p>\n<\/div><div class=\"kc-elm kc-css-910033 kc_shortcode kc_single_image\">\n\n        <img decoding=\"async\" src=\"https:\/\/plateforme.label-commercant-responsable.com\/bureauvallee\/wp-content\/uploads\/2021\/05\/3ans.png\" class=\"\" alt=\"\" \/>    <\/div>\n<div class=\"kc-elm kc-css-242520 kc_shortcode kc_single_image\">\n\n        <img decoding=\"async\" src=\"https:\/\/plateforme.label-commercant-responsable.com\/bureauvallee\/wp-content\/uploads\/2021\/05\/macaron.png\" class=\"\" alt=\"\" \/>    <\/div>\n<\/div><\/div><div class=\"kc-elm kc-css-158672 kc_col-sm-6 kc_column kc_col-sm-6\"><div class=\"kc-col-container\">\n<div class=\"kc-elm kc-css-777044 kc-title-wrap \">\n\n\t<h2 class=\"kc_title\">L\u2019UTILISATION DU LABEL<\/h2>\n<\/div>\n<div class=\"kc-elm kc-css-193775 kc_text_block\"><\/p>\n<p>\nLes PDV labellis\u00e9s dans les conditions \u00e9voqu\u00e9es pourront utiliser \u00e0 des fins mercatiques et de communication aupr\u00e8s de leurs clients ou prestataires, le Label \u00ab\u00a0Commer\u00e7ant Responsable\u00a0\u00bb dont le Collectif G\u00e9n\u00e9ration Responsable est le propri\u00e9taire.<\/p>\n<p>En cons\u00e9quence, les Points de vente seront libres d\u2019utiliser ce label sur tout support de communication (affiches, flyers, sites internet mais sans que cette liste ne soit exhaustive) sans avoir \u00e0 obtenir l\u2019accord pr\u00e9alable du Collectif G\u00e9n\u00e9ration Responsable.<\/p>\n<p>Cette utilisation du Label se fera sous r\u00e9serve du respect de la charte graphique adress\u00e9e par le CGR et sous r\u00e9serve de ne pas d\u00e9pr\u00e9cier l\u2019image du Label.<\/p>\n<p>\n<\/div><div class=\"kc-elm kc-css-50783 kc_shortcode kc_single_image\">\n\n        <img decoding=\"async\" src=\"https:\/\/plateforme.label-commercant-responsable.com\/bureauvallee\/wp-content\/uploads\/2021\/05\/logo-label.png\" class=\"\" alt=\"\" \/>    <\/div>\n<\/div><\/div><\/div><\/div><\/section><\/p>\n","protected":false},"excerpt":{"rendered":"<p>L&rsquo;AUDIT LE D\u00c9ROULEMENT DES AUDITS LA METHODE D&rsquo;\u00c9VALUATION Un r\u00e9f\u00e9rentiel d\u2019\u00e9valuation sur 4 niveaux : de la prise de conscience \u00e0 l\u2019excellence. Les chemins de progr\u00e8s par \u00e9tape. Une \u00e9valuation r\u00e9alis\u00e9e (par un Organisme Tiers Ind\u00e9pendant) attestant de la d\u00e9marche compl\u00e9t\u00e9e parun rapport d\u00e9taill\u00e9 sur les points forts et points perfectibles de l\u2019enseigne. Un label &hellip; <\/p>\n","protected":false},"author":1,"featured_media":0,"parent":8,"menu_order":0,"comment_status":"closed","ping_status":"closed","template":"","meta":{"footnotes":""},"class_list":["post-29","page","type-page","status-publish","hentry"],"acf":[],"_links":{"self":[{"href":"https:\/\/plateforme.label-commercant-responsable.com\/bureauvallee\/wp-json\/wp\/v2\/pages\/29","targetHints":{"allow":["GET"]}}],"collection":[{"href":"https:\/\/plateforme.label-commercant-responsable.com\/bureauvallee\/wp-json\/wp\/v2\/pages"}],"about":[{"href":"https:\/\/plateforme.label-commercant-responsable.com\/bureauvallee\/wp-json\/wp\/v2\/types\/page"}],"author":[{"embeddable":true,"href":"https:\/\/plateforme.label-commercant-responsable.com\/bureauvallee\/wp-json\/wp\/v2\/users\/1"}],"replies":[{"embeddable":true,"href":"https:\/\/plateforme.label-commercant-responsable.com\/bureauvallee\/wp-json\/wp\/v2\/comments?post=29"}],"version-history":[{"count":22,"href":"https:\/\/plateforme.label-commercant-responsable.com\/bureauvallee\/wp-json\/wp\/v2\/pages\/29\/revisions"}],"predecessor-version":[{"id":1232,"href":"https:\/\/plateforme.label-commercant-responsable.com\/bureauvallee\/wp-json\/wp\/v2\/pages\/29\/revisions\/1232"}],"up":[{"embeddable":true,"href":"https:\/\/plateforme.label-commercant-responsable.com\/bureauvallee\/wp-json\/wp\/v2\/pages\/8"}],"wp:attachment":[{"href":"https:\/\/plateforme.label-commercant-responsable.com\/bureauvallee\/wp-json\/wp\/v2\/media?parent=29"}],"curies":[{"name":"wp","href":"https:\/\/api.w.org\/{rel}","templated":true}]}}