{"id":31,"date":"2021-05-18T10:55:49","date_gmt":"2021-05-18T08:55:49","guid":{"rendered":"https:\/\/plateforme.label-commercant-responsable.com\/bureauvallee\/?page_id=31"},"modified":"2021-10-21T09:33:00","modified_gmt":"2021-10-21T07:33:00","slug":"le-parcours-anime","status":"publish","type":"page","link":"https:\/\/plateforme.label-commercant-responsable.com\/bureauvallee\/japprends-parcours-dintegration\/le-parcours-anime\/","title":{"rendered":"Le parcours anim\u00e9"},"content":{"rendered":"<section class=\"kc-elm kc-css-73842 kc_row\"><div class=\"kc-row-container  kc-container\"><div class=\"kc-wrap-columns\"><div class=\"kc-elm kc-css-314188 kc_col-sm-12 kc_column kc_col-sm-12\"><div class=\"kc-col-container\">\n<div class=\"kc-elm kc-css-546191 kc-title-wrap \">\n\n\t<h1 class=\"kc_title mb-0\">MON PARCOURS <br\/>COMMER\u00c7ANT RESPONSABLE ANIM\u00c9<\/h1>\n<\/div>\n<div class=\"kc-elm kc-css-578180 kc_text_block\"><\/p>\n<p>\nUtiliser votre souris pour parcourir l\u2019image, par un glisser\/d\u00e9poser<br \/>\nCliquer sur les ic\u00f4nes + pour d\u00e9couvrir les engagements de votre quotidien et l\u2019ODD correspondant.<\/p>\n<p>\n<\/div><\/div><\/div><\/div><\/div><\/section>\n","protected":false},"excerpt":{"rendered":"<p>MON PARCOURS COMMER\u00c7ANT RESPONSABLE ANIM\u00c9 Utiliser votre souris pour parcourir l\u2019image, par un glisser\/d\u00e9poser Cliquer sur les ic\u00f4nes + pour d\u00e9couvrir les engagements de votre quotidien et l\u2019ODD correspondant.<\/p>\n","protected":false},"author":1,"featured_media":0,"parent":8,"menu_order":0,"comment_status":"closed","ping_status":"closed","template":"page-frise.php","meta":{"footnotes":""},"class_list":["post-31","page","type-page","status-publish","hentry"],"acf":[],"_links":{"self":[{"href":"https:\/\/plateforme.label-commercant-responsable.com\/bureauvallee\/wp-json\/wp\/v2\/pages\/31","targetHints":{"allow":["GET"]}}],"collection":[{"href":"https:\/\/plateforme.label-commercant-responsable.com\/bureauvallee\/wp-json\/wp\/v2\/pages"}],"about":[{"href":"https:\/\/plateforme.label-commercant-responsable.com\/bureauvallee\/wp-json\/wp\/v2\/types\/page"}],"author":[{"embeddable":true,"href":"https:\/\/plateforme.label-commercant-responsable.com\/bureauvallee\/wp-json\/wp\/v2\/users\/1"}],"replies":[{"embeddable":true,"href":"https:\/\/plateforme.label-commercant-responsable.com\/bureauvallee\/wp-json\/wp\/v2\/comments?post=31"}],"version-history":[{"count":9,"href":"https:\/\/plateforme.label-commercant-responsable.com\/bureauvallee\/wp-json\/wp\/v2\/pages\/31\/revisions"}],"predecessor-version":[{"id":1233,"href":"https:\/\/plateforme.label-commercant-responsable.com\/bureauvallee\/wp-json\/wp\/v2\/pages\/31\/revisions\/1233"}],"up":[{"embeddable":true,"href":"https:\/\/plateforme.label-commercant-responsable.com\/bureauvallee\/wp-json\/wp\/v2\/pages\/8"}],"wp:attachment":[{"href":"https:\/\/plateforme.label-commercant-responsable.com\/bureauvallee\/wp-json\/wp\/v2\/media?parent=31"}],"curies":[{"name":"wp","href":"https:\/\/api.w.org\/{rel}","templated":true}]}}