{"id":33,"date":"2021-05-18T10:56:25","date_gmt":"2021-05-18T08:56:25","guid":{"rendered":"https:\/\/plateforme.label-commercant-responsable.com\/bureauvallee\/?page_id=33"},"modified":"2021-11-18T17:22:33","modified_gmt":"2021-11-18T16:22:33","slug":"comprendre-la-rse","status":"publish","type":"page","link":"https:\/\/plateforme.label-commercant-responsable.com\/bureauvallee\/japprends-parcours-dinitiation\/comprendre-la-rse\/","title":{"rendered":"Comprendre la RSE"},"content":{"rendered":"<p><section class=\"kc-elm kc-css-499864 kc_row\"><div class=\"kc-row-container  kc-container\"><div class=\"kc-wrap-columns\"><div class=\"kc-elm kc-css-641487 kc_col-sm-12 kc_column kc_col-sm-12\"><div class=\"kc-col-container\"><div class=\"kc-elm kc-css-374859 kc_row kc_row_inner\"><div class=\"kc-elm kc-css-518989 kc_col-sm-12 kc_column_inner kc_col-sm-12\"><div class=\"d-flex kc_wrapper kc-col-inner-container\">\n<div class=\"kc-elm kc-css-356449\">\n\t<a class=\"kc_button btn-sm mt-5\" href=\"https:\/\/plateforme.label-commercant-responsable.com\/bureauvallee\/sommaire\/\" target=\"_self\" title=\"Sommaire\" onclick=\"\">\n\t\t<i class=\"fa-list-alt\"><\/i> Retour au sommaire\t<\/a>\n<\/div>\n<div class=\"kc-elm kc-css-101671 kc_shortcode kc_single_image\">\n\n        <img decoding=\"async\" src=\"https:\/\/plateforme.label-commercant-responsable.com\/bureauvallee\/wp-content\/uploads\/2021\/08\/Comprendre-le-DD-150x150.png\" class=\"\" alt=\"\" \/>    <\/div>\n<div class=\"kc-elm kc-css-182393 kc_text_block\"><\/p>\n<p>\n<\/div><\/div><\/div><\/div>\n<div class=\"kc-elm kc-css-706699 kc-title-wrap \">\n\n\t<h1 class=\"kc_title bordure-bas-bleu\">COMPRENDRE LA RSE<\/h1>\n<\/div>\n<\/div><\/div><\/div><\/div><\/section><section class=\"kc-elm kc-css-756997 kc_row\"><div class=\"kc-row-container  kc-container\"><div class=\"kc-wrap-columns\"><div class=\"kc-elm kc-css-527206 kc_col-sm-5 kc_column kc_col-sm-5\"><div class=\"kc-col-container\"><div class=\"kc-elm kc-css-38219\" style=\"height: 40px; clear: both; width:100%;\"><\/div>\n<div class=\"kc-elm kc-css-138581 kc-title-wrap \">\n\n\t<h1 class=\"kc_title\">Qu\u2019est-ce que la responsabilit\u00e9 soci\u00e9tale des entreprises ou RSE ?\r\n<\/h1>\n<\/div>\n<div class=\"kc-elm kc-css-375245 kc_text_block\"><\/p>\n<p>\nLa Responsabilit\u00e9 Soci\u00e9tale des Entreprises, \u00e9galement appel\u00e9e Responsabilit\u00e9 Sociale des Entreprises (RSE) est la contribution de l\u2019entreprise aux enjeux de d\u00e9veloppement durable.<br \/>Une entreprise qui pratique la RSE va chercher \u00e0 avoir un impact positif sur la soci\u00e9t\u00e9, \u00e0 respecter l\u2019environnement et \u00eatre \u00e9conomiquement viable. Ces entreprises vont donc int\u00e9grer ces dimensions au-del\u00e0 du cadre l\u00e9gal en mettant en place des bonnes pratiques (ex: promotion de la diversit\u00e9) voire en s\u2019ouvrant \u00e0 de nouveaux mod\u00e8les \u00e9conomiques (ex: location de mat\u00e9riel plut\u00f4t que vente).<\/p>\n<p>Toutes les entreprises, quels que soient leur taille, leur statut ou leur secteur d\u2019activit\u00e9, peuvent mettre en \u0153uvre une d\u00e9marche de RSE.<\/p>\n<p>\n<\/div><\/div><\/div><div class=\"kc-elm kc-css-234799 kc_col-sm-6 kc_column kc_col-sm-6\"><div class=\"kc-col-container\"><div class=\"kc-elm kc-css-920463\" style=\"height: 60px; clear: both; width:100%;\"><\/div><div class=\"kc-elm kc-css-563073 kc_shortcode kc_single_image\">\n\n        <img decoding=\"async\" src=\"https:\/\/plateforme.label-commercant-responsable.com\/bureauvallee\/wp-content\/uploads\/2021\/10\/rse-1.jpg\" class=\"\" alt=\"\" \/>    <\/div>\n<\/div><\/div><\/div><\/div><\/section><section class=\"kc-elm kc-css-123346 kc_row\"><div class=\"kc-row-container  kc-container\"><div class=\"kc-wrap-columns\"><div class=\"kc-elm kc-css-539121 kc_col-sm-12 kc_column kc_col-sm-12\"><div class=\"kc-col-container\"><div class=\"kc-elm kc-css-318989\" style=\"height: 40px; clear: both; width:100%;\"><\/div>\n<div class=\"kc-elm kc-css-344302 kc-title-wrap \">\n\n\t<h1 class=\"kc_title\">Que dit la loi ?<\/h1>\n<\/div>\n<div class=\"kc-elm kc-css-476413 kc_text_block\"><\/p>\n<p>\nDepuis 2001, les plus grandes entreprises et les entreprises cot\u00e9es sont soumises \u00e0 la publication des informations sur leurs impacts environnementaux et sociaux (c\u2019est la D\u00e9claration de performance extra-financi\u00e8re) qui a \u00e9t\u00e9 renforc\u00e9 en 2015 avec la loi sur la Transition \u00e9nerg\u00e9tique.<\/p>\n<p>La loi sur le devoir de vigilance adopt\u00e9e en 2017, les oblige \u00e0 mettre en place des mesures de surveillance qui permettent de pr\u00e9venir les risques environnementaux (ex: pollution), sociaux (ex: violations de droits humains) et de gouvernance (ex: corruption) dans leurs unit\u00e9s de production, leurs filiales et chez leurs fournisseurs.<\/p>\n<p>Depuis l\u2019adoption de la loi Pacte et la modification du code civil en 2019, toutes les entreprises fran\u00e7aises sans exception, doivent \u00ab\u00a0prendre en consid\u00e9ration\u00a0\u00bb les enjeux environnementaux et sociaux dans la gestion de leurs activit\u00e9s.<\/p>\n<p>\n<\/div><\/div><\/div><\/div><\/div><\/section><section class=\"kc-elm kc-css-672542 kc_row\"><div class=\"kc-row-container  kc-container\"><div class=\"kc-wrap-columns\"><div class=\"kc-elm kc-css-378830 kc_col-sm-12 kc_column kc_col-sm-12\"><div class=\"kc-col-container\"><div class=\"kc-elm kc-css-842086\" style=\"height: 40px; clear: both; width:100%;\"><\/div>\n<div class=\"kc-elm kc-css-858254 kc-title-wrap \">\n\n\t<h1 class=\"kc_title\">L\u2019ISO 26000 : une norme pour encadrer la d\u00e9marche RSE<\/h1>\n<\/div>\n<div class=\"kc-elm kc-css-92917 kc_text_block\"><\/p>\n<p>\nEn 2010, la norme volontaire ISO 26 000 a \u00e9t\u00e9 co-\u00e9labor\u00e9e par plus de 90 pays pour assurer un dispositif commun international relatif \u00e0 la responsabilit\u00e9 soci\u00e9tale. Les principes et pratiques se d\u00e9clinent selon 7 questions centrales qui constituent les fondements de la mise en \u0153uvre d\u2019une d\u00e9marche RSE et doivent \u00eatre abord\u00e9es en dialoguant avec ses parties prenantes :<\/p>\n<p>\n<\/div><div class=\"kc-elm kc-css-700723 kc_row kc_row_inner\"><div class=\"kc-elm kc-css-480424 kc_col-sm-6 kc_column_inner kc_col-sm-6\"><div class=\"kc_wrapper kc-col-inner-container\"><div class=\"kc-elm kc-css-201539 kc_text_block bleu\"><\/p>\n<ol>\n<li>La gouvernance de l\u2019organisation ;<\/li>\n<li>Les Droits de l\u2019Homme ;<\/li>\n<li>Les relations et conditions de travail ;<\/li>\n<li>L\u2019environnement ;<\/li>\n<li>La loyaut\u00e9 des pratiques ;<\/li>\n<li>Les questions relatives aux consommateurs ;<\/li>\n<li>Les communaut\u00e9s et le d\u00e9veloppement local.<\/li>\n<\/ol>\n<p>\n<\/div><\/div><\/div><div class=\"kc-elm kc-css-194285 kc_col-sm-6 kc_column_inner kc_col-sm-6\"><div class=\"kc_wrapper kc-col-inner-container\"><div class=\"kc-elm kc-css-705860 kc_shortcode kc_single_image\">\n\n        <img decoding=\"async\" src=\"https:\/\/plateforme.label-commercant-responsable.com\/bureauvallee\/wp-content\/uploads\/2021\/10\/rse-2-440x448xc.jpg\" class=\"\" alt=\"\" \/>    <\/div>\n<\/div><\/div><\/div><\/div><\/div><\/div><\/div><\/section><section class=\"kc-elm kc-css-327299 kc_row\"><div class=\"kc-row-container  kc-container\"><div class=\"kc-wrap-columns\"><div class=\"kc-elm kc-css-756614 kc_col-sm-12 kc_column kc_col-sm-12\"><div class=\"kc-col-container\"><div class=\"kc-elm kc-css-257100\" style=\"height: 40px; clear: both; width:100%;\"><\/div>\n<div class=\"kc-elm kc-css-371905 kc-title-wrap \">\n\n\t<h1 class=\"kc_title\">Des parties prenantes pour enrichir la d\u00e9marche RSE<\/h1>\n<\/div>\n<div class=\"kc-elm kc-css-816403 kc_row kc_row_inner\"><div class=\"kc-elm kc-css-289799 kc_col-sm-4 kc_column_inner kc_col-sm-4\"><div class=\"kc_wrapper kc-col-inner-container\"><div class=\"kc-elm kc-css-396334 kc_text_block\"><\/p>\n<p>\nLes parties prenantes de l\u2019entreprise regroupent l\u2019ensemble de ceux qui participent \u00e0 sa vie \u00e9conomique (salari\u00e9s, clients, fournisseurs, actionnaires), de ceux qui observent l\u2019entreprise (syndicats, ONG), et de ceux qu\u2019elle influence plus ou moins directement (soci\u00e9t\u00e9 civile, collectivit\u00e9 locale).<\/p>\n<p>Les entreprises socialement responsables sont transparentes envers leurs parties prenantes, mais elles veillent aussi \u00e0 servir l\u2019ensemble de leurs int\u00e9r\u00eats. Ce concept renvoie \u00e0 une gouvernance n\u00e9goci\u00e9e, c\u2019est-\u00e0-dire o\u00f9 la question du b\u00e9n\u00e9fice de l\u2019actionnaire et de son augmentation ne sont pas les principaux objectifs \u00e0 atteindre. C\u2019est un mod\u00e8le dans lequel ce sont les int\u00e9r\u00eats des acteurs de l\u2019entreprise qui sont primordiaux, car ce sont eux qui assureront sa prosp\u00e9rit\u00e9.<\/p>\n<p>\n<\/div><\/div><\/div><div class=\"kc-elm kc-css-974621 kc_col-sm-8 kc_column_inner kc_col-sm-8\"><div class=\"kc_wrapper kc-col-inner-container\"><div class=\"kc-elm kc-css-785920 kc_shortcode kc_single_image\">\n\n        <img decoding=\"async\" src=\"https:\/\/plateforme.label-commercant-responsable.com\/bureauvallee\/wp-content\/uploads\/2021\/10\/rse-3.jpg\" class=\"\" alt=\"\" \/>    <\/div>\n<\/div><\/div><\/div><\/div><\/div><\/div><\/div><\/section><section class=\"kc-elm kc-css-954305 kc_row\"><div class=\"kc-row-container  kc-container\"><div class=\"kc-wrap-columns\"><div class=\"kc-elm kc-css-834384 kc_col-sm-12 kc_column kc_col-sm-12\"><div class=\"kc-col-container\"><div class=\"kc-elm kc-css-214893\" style=\"height: 40px; clear: both; width:100%;\"><\/div>\n<div class=\"kc-elm kc-css-254421 kc-title-wrap \">\n\n\t<h1 class=\"kc_title\">La d\u00e9marche RSE : int\u00e9r\u00eats et organisation<\/h1>\n<\/div>\n<div class=\"kc-elm kc-css-825474 kc_text_block\"><\/p>\n<p>\nQuand une entreprise s\u2019engage dans une d\u00e9marche de RSE, cela implique qu\u2019elle prenne des mesures concr\u00e8tes qui permettent de r\u00e9pondre aux enjeux particuliers de son secteur d\u2019activit\u00e9.<\/p>\n<p>Mesurer et \u00e9valuer l\u2019impact de ses activit\u00e9s en mati\u00e8re environnementale et soci\u00e9tale (ex : consommation d\u2019eau, d\u2019\u00e9nergie, taux d\u2019accidents du travail\u2026) va d\u2019abord lui permettre de mieux identifier et donc de mieux ma\u00eetriser les risques auxquels elle pourrait \u00eatre confront\u00e9e. Mais aussi d\u2019agir plus efficacement pour r\u00e9duire son empreinte, mieux s\u2019adapter aux nouvelles contraintes et d\u00e9gager de nouvelles opportunit\u00e9s (ex : nouveaux produits plus respectueux de l\u2019environnement).<\/p>\n<p>\n<\/div><div class=\"kc-elm kc-css-130747 kc_shortcode kc_single_image\">\n\n        <img decoding=\"async\" src=\"https:\/\/plateforme.label-commercant-responsable.com\/bureauvallee\/wp-content\/uploads\/2021\/10\/rse-4.png\" class=\"\" alt=\"\" \/>    <\/div>\n<div class=\"kc-elm kc-css-444800 kc_text_block\"><\/p>\n<p>\nA terme, si les entreprises ne prennent pas en compte les impacts environnementaux et soci\u00e9taux de leurs activit\u00e9s, c\u2019est leur p\u00e9rennit\u00e9 qui est menac\u00e9e que cela soit \u00e0 cause du manque de ressources, du changement climatique, de la d\u00e9gradation de son image&#8230;<\/p>\n<p>La responsabilit\u00e9 de l\u2019entreprise s\u2019exerce sur l\u2019ensemble de sa sph\u00e8re d\u2019influence, c\u2019est \u00e0 dire tout au long de la cha\u00eene d\u2019approvisionnement, de l\u2019extraction des mati\u00e8res premi\u00e8res n\u00e9cessaires \u00e0 la fabrication d\u2019un produit jusqu\u2019\u00e0 la fin de vie de celui-ci (d\u00e9chets).<\/p>\n<p>\n<\/div><div class=\"kc-elm kc-css-113540\" style=\"height: 40px; clear: both; width:100%;\"><\/div><\/div><\/div><\/div><\/div><\/section><\/p>\n","protected":false},"excerpt":{"rendered":"<p>Retour au sommaire COMPRENDRE LA RSE Qu\u2019est-ce que la responsabilit\u00e9 soci\u00e9tale des entreprises ou RSE ? La Responsabilit\u00e9 Soci\u00e9tale des Entreprises, \u00e9galement appel\u00e9e Responsabilit\u00e9 Sociale des Entreprises (RSE) est la contribution de l\u2019entreprise aux enjeux de d\u00e9veloppement durable.Une entreprise qui pratique la RSE va chercher \u00e0 avoir un impact positif sur la soci\u00e9t\u00e9, \u00e0 respecter &hellip; <\/p>\n","protected":false},"author":1,"featured_media":0,"parent":10,"menu_order":0,"comment_status":"closed","ping_status":"closed","template":"","meta":{"footnotes":""},"class_list":["post-33","page","type-page","status-publish","hentry"],"acf":[],"_links":{"self":[{"href":"https:\/\/plateforme.label-commercant-responsable.com\/bureauvallee\/wp-json\/wp\/v2\/pages\/33","targetHints":{"allow":["GET"]}}],"collection":[{"href":"https:\/\/plateforme.label-commercant-responsable.com\/bureauvallee\/wp-json\/wp\/v2\/pages"}],"about":[{"href":"https:\/\/plateforme.label-commercant-responsable.com\/bureauvallee\/wp-json\/wp\/v2\/types\/page"}],"author":[{"embeddable":true,"href":"https:\/\/plateforme.label-commercant-responsable.com\/bureauvallee\/wp-json\/wp\/v2\/users\/1"}],"replies":[{"embeddable":true,"href":"https:\/\/plateforme.label-commercant-responsable.com\/bureauvallee\/wp-json\/wp\/v2\/comments?post=33"}],"version-history":[{"count":87,"href":"https:\/\/plateforme.label-commercant-responsable.com\/bureauvallee\/wp-json\/wp\/v2\/pages\/33\/revisions"}],"predecessor-version":[{"id":1358,"href":"https:\/\/plateforme.label-commercant-responsable.com\/bureauvallee\/wp-json\/wp\/v2\/pages\/33\/revisions\/1358"}],"up":[{"embeddable":true,"href":"https:\/\/plateforme.label-commercant-responsable.com\/bureauvallee\/wp-json\/wp\/v2\/pages\/10"}],"wp:attachment":[{"href":"https:\/\/plateforme.label-commercant-responsable.com\/bureauvallee\/wp-json\/wp\/v2\/media?parent=33"}],"curies":[{"name":"wp","href":"https:\/\/api.w.org\/{rel}","templated":true}]}}