{"id":41,"date":"2021-05-18T10:58:27","date_gmt":"2021-05-18T08:58:27","guid":{"rendered":"https:\/\/plateforme.label-commercant-responsable.com\/bureauvallee\/?page_id=41"},"modified":"2021-07-06T09:47:08","modified_gmt":"2021-07-06T07:47:08","slug":"le-referentiel","status":"publish","type":"page","link":"https:\/\/plateforme.label-commercant-responsable.com\/bureauvallee\/jevalue-le-parcours-devaluation\/le-referentiel\/","title":{"rendered":"Le r\u00e9f\u00e9rentiel"},"content":{"rendered":"<p><section class=\"kc-elm kc-css-47735 kc_row\"><div class=\"kc-row-container  kc-container\"><div class=\"kc-wrap-columns\"><div class=\"kc-elm kc-css-762082 kc_col-sm-12 kc_column kc_col-sm-12\"><div class=\"kc-col-container\"><div class=\"kc-elm kc-css-419302 kc_shortcode kc_single_image\">\n\n        <img decoding=\"async\" src=\"https:\/\/plateforme.label-commercant-responsable.com\/bureauvallee\/wp-content\/uploads\/2021\/05\/referentiel-50x50xc.jpg\" class=\"\" alt=\"\" \/>    <\/div>\n\n<div class=\"kc-elm kc-css-633810 kc-title-wrap \">\n\n\t<h4 class=\"kc_title light bordure-bas-bleu\">J'EVALUE<\/h4>\n<\/div>\n<\/div><\/div><\/div><\/div><\/section><section class=\"kc-elm kc-css-510951 kc_row\"><div class=\"kc-row-container  kc-container\"><div class=\"kc-wrap-columns\"><div class=\"kc-elm kc-css-963112 kc_col-sm-12 kc_column kc_col-sm-12\"><div class=\"kc-col-container\">\n<div class=\"kc-elm kc-css-952064 kc-title-wrap \">\n\n\t<h1 class=\"kc_title\">LE R\u00c9F\u00c9RENTIEL COMMER\u00c7ANT RESPONSABLE<\/h1>\n<\/div>\n<div class=\"kc-elm kc-css-912222 kc_text_block\"><\/p>\n<p>L\u2019\u00e9laboration du r\u00e9f\u00e9rentiel propos\u00e9 par le Comit\u00e9 de pilotage du Point de Vente Responsable pr\u00e9sente 38 engagements op\u00e9rationnels crois\u00e9s avec les Objectifs D\u00e9veloppement Durable (ODD) de l&rsquo;ONU. Il pr\u00e9sente une d\u00e9marche de progr\u00e8s continue bas\u00e9e sur des engagements op\u00e9rationnels adapt\u00e9s au secteur du commerce organis\u00e9. Les engagements sont r\u00e9partis sur 3 piliers :<\/p>\n<ul>\n<li>La qualit\u00e9 d\u2019accueil : Des relations responsables, un accompagnement continu, une communication engag\u00e9e.<\/li>\n<li>Le b\u00e2timent responsable : Un commer\u00e7ant \u00e9co-responsable, une haute qualit\u00e9 d\u2019usage, le Confort et le Bien-\u00eatre des collaborateurs et des clients.<\/li>\n<li>L\u2019int\u00e9gration du point de vente au territoire : Un commer\u00e7ant qui participe \u00e0 la dynamique et au d\u00e9veloppement \u00e9conomique de son territoire.<\/li>\n<\/ul>\n<p>De plus, le r\u00e9f\u00e9rentiel dispose de 4 niveaux de progr\u00e8s pour chacun des 38 engagements afin de permettre au point de vente de s&rsquo;am\u00e9liorer sur les sujets importants pour son commerce.<br \/>Chaque niveau de progr\u00e8s fait l\u2019objet d\u2019une note de 1 \u00e0 4. La note de performance du pilier est la moyenne des notes attribu\u00e9es \u00e0 chaque engagement et la note de performance globale est la moyenne des notes de chaque pilier.<\/p>\n<p>Vous trouverez ci-dessous le lien vers le r\u00e9f\u00e9rentiel \u00ab\u00a0Commer\u00e7ant Responsable\u00a0\u00bb qui vous permettra d&rsquo;identifier le niveau de progr\u00e8s sur lequel se trouve le point de vente pour chaque engagement.<\/p>\n<p>\n<\/div>\n<div class=\"kc-elm kc-css-729278\">\n\t<a class=\"kc_button\" href=\"https:\/\/plateforme.label-commercant-responsable.com\/bureauvallee\/wp-content\/uploads\/2021\/06\/referentiel-CR-International-2021.pdf\" target=\"_blank\" title=\"\" onclick=\"\">\n\t\t<i class=\"fa-file-pdf\"><\/i> T\u00e9l\u00e9charger le r\u00e9f\u00e9renciel Commer\u00e7ant Responsable\t<\/a>\n<\/div>\n<\/div><\/div><\/div><\/div><\/section><\/p>\n","protected":false},"excerpt":{"rendered":"<p>J&rsquo;EVALUE LE R\u00c9F\u00c9RENTIEL COMMER\u00c7ANT RESPONSABLE L\u2019\u00e9laboration du r\u00e9f\u00e9rentiel propos\u00e9 par le Comit\u00e9 de pilotage du Point de Vente Responsable pr\u00e9sente 38 engagements op\u00e9rationnels crois\u00e9s avec les Objectifs D\u00e9veloppement Durable (ODD) de l&rsquo;ONU. Il pr\u00e9sente une d\u00e9marche de progr\u00e8s continue bas\u00e9e sur des engagements op\u00e9rationnels adapt\u00e9s au secteur du commerce organis\u00e9. Les engagements sont r\u00e9partis sur &hellip; <\/p>\n","protected":false},"author":1,"featured_media":0,"parent":16,"menu_order":0,"comment_status":"closed","ping_status":"closed","template":"","meta":{"footnotes":""},"class_list":["post-41","page","type-page","status-publish","hentry"],"acf":[],"_links":{"self":[{"href":"https:\/\/plateforme.label-commercant-responsable.com\/bureauvallee\/wp-json\/wp\/v2\/pages\/41","targetHints":{"allow":["GET"]}}],"collection":[{"href":"https:\/\/plateforme.label-commercant-responsable.com\/bureauvallee\/wp-json\/wp\/v2\/pages"}],"about":[{"href":"https:\/\/plateforme.label-commercant-responsable.com\/bureauvallee\/wp-json\/wp\/v2\/types\/page"}],"author":[{"embeddable":true,"href":"https:\/\/plateforme.label-commercant-responsable.com\/bureauvallee\/wp-json\/wp\/v2\/users\/1"}],"replies":[{"embeddable":true,"href":"https:\/\/plateforme.label-commercant-responsable.com\/bureauvallee\/wp-json\/wp\/v2\/comments?post=41"}],"version-history":[{"count":6,"href":"https:\/\/plateforme.label-commercant-responsable.com\/bureauvallee\/wp-json\/wp\/v2\/pages\/41\/revisions"}],"predecessor-version":[{"id":615,"href":"https:\/\/plateforme.label-commercant-responsable.com\/bureauvallee\/wp-json\/wp\/v2\/pages\/41\/revisions\/615"}],"up":[{"embeddable":true,"href":"https:\/\/plateforme.label-commercant-responsable.com\/bureauvallee\/wp-json\/wp\/v2\/pages\/16"}],"wp:attachment":[{"href":"https:\/\/plateforme.label-commercant-responsable.com\/bureauvallee\/wp-json\/wp\/v2\/media?parent=41"}],"curies":[{"name":"wp","href":"https:\/\/api.w.org\/{rel}","templated":true}]}}