{"id":46,"date":"2021-05-18T11:00:45","date_gmt":"2021-05-18T09:00:45","guid":{"rendered":"https:\/\/plateforme.label-commercant-responsable.com\/bureauvallee\/?page_id=46"},"modified":"2023-01-02T14:49:06","modified_gmt":"2023-01-02T13:49:06","slug":"la-plateforme-act21","status":"publish","type":"page","link":"https:\/\/plateforme.label-commercant-responsable.com\/bureauvallee\/jevalue-le-parcours-devaluation\/la-plateforme-act21\/","title":{"rendered":"Espace personnel d&rsquo;\u00e9valuation"},"content":{"rendered":"<p><section class=\"kc-elm kc-css-152917 kc_row\"><div class=\"kc-row-container  kc-container\"><div class=\"kc-wrap-columns\"><div class=\"kc-elm kc-css-822003 kc_col-sm-12 kc_column kc_col-sm-12\"><div class=\"kc-col-container\"><div class=\"kc-elm kc-css-406417 kc_shortcode kc_single_image\">\n\n        <img decoding=\"async\" src=\"https:\/\/plateforme.label-commercant-responsable.com\/bureauvallee\/wp-content\/uploads\/2021\/05\/referentiel-50x50xc.jpg\" class=\"\" alt=\"\" \/>    <\/div>\n\n<div class=\"kc-elm kc-css-265834 kc-title-wrap \">\n\n\t<h4 class=\"kc_title light bordure-bas-bleu\">Espace personnel d'\u00e9valuation<\/h4>\n<\/div>\n<\/div><\/div><\/div><\/div><\/section><section class=\"kc-elm kc-css-121351 kc_row\"><div class=\"kc-row-container  kc-container\"><div class=\"kc-wrap-columns\"><div class=\"kc-elm kc-css-50169 kc_col-sm-12 kc_column kc_col-sm-12\"><div class=\"kc-col-container\">\n<div class=\"kc-elm kc-css-828624 kc-title-wrap \">\n\n\t<h1 class=\"kc_title\">LA PLATEFORME<\/h1>\n<\/div>\n\n<div class=\"kc-elm kc-css-911158\">\n\t<a class=\"kc_button\" href=\"https:\/\/cgr.act21.fr\/app\/signin\" target=\"_blank\" title=\"\" onclick=\"\">\n\t\t<i class=\"fa-cogs\"><\/i> Acc\u00e9der \u00e0 votre espace personnel d:apos:\u00e9valuation\t<\/a>\n<\/div>\n<\/div><\/div><\/div><\/div><\/section><\/p>\n","protected":false},"excerpt":{"rendered":"<p>Espace personnel d&rsquo;\u00e9valuation LA PLATEFORME Acc\u00e9der \u00e0 votre espace personnel d:apos:\u00e9valuation<\/p>\n","protected":false},"author":1,"featured_media":0,"parent":16,"menu_order":0,"comment_status":"closed","ping_status":"closed","template":"","meta":{"footnotes":""},"class_list":["post-46","page","type-page","status-publish","hentry"],"acf":[],"_links":{"self":[{"href":"https:\/\/plateforme.label-commercant-responsable.com\/bureauvallee\/wp-json\/wp\/v2\/pages\/46","targetHints":{"allow":["GET"]}}],"collection":[{"href":"https:\/\/plateforme.label-commercant-responsable.com\/bureauvallee\/wp-json\/wp\/v2\/pages"}],"about":[{"href":"https:\/\/plateforme.label-commercant-responsable.com\/bureauvallee\/wp-json\/wp\/v2\/types\/page"}],"author":[{"embeddable":true,"href":"https:\/\/plateforme.label-commercant-responsable.com\/bureauvallee\/wp-json\/wp\/v2\/users\/1"}],"replies":[{"embeddable":true,"href":"https:\/\/plateforme.label-commercant-responsable.com\/bureauvallee\/wp-json\/wp\/v2\/comments?post=46"}],"version-history":[{"count":10,"href":"https:\/\/plateforme.label-commercant-responsable.com\/bureauvallee\/wp-json\/wp\/v2\/pages\/46\/revisions"}],"predecessor-version":[{"id":1510,"href":"https:\/\/plateforme.label-commercant-responsable.com\/bureauvallee\/wp-json\/wp\/v2\/pages\/46\/revisions\/1510"}],"up":[{"embeddable":true,"href":"https:\/\/plateforme.label-commercant-responsable.com\/bureauvallee\/wp-json\/wp\/v2\/pages\/16"}],"wp:attachment":[{"href":"https:\/\/plateforme.label-commercant-responsable.com\/bureauvallee\/wp-json\/wp\/v2\/media?parent=46"}],"curies":[{"name":"wp","href":"https:\/\/api.w.org\/{rel}","templated":true}]}}